{"id":624,"date":"2024-11-27T11:10:15","date_gmt":"2024-11-27T10:10:15","guid":{"rendered":"https:\/\/www.strykobaltazar.sk\/obchod\/?post_type=product&#038;p=624"},"modified":"2024-11-27T11:21:04","modified_gmt":"2024-11-27T10:21:04","slug":"dvd-telka-stryka-baltazara-rozpravkovy-muzikal-zaznam-predstavenia","status":"publish","type":"product","link":"https:\/\/www.strykobaltazar.sk\/obchod\/index.php\/produkt\/dvd-telka-stryka-baltazara-rozpravkovy-muzikal-zaznam-predstavenia\/","title":{"rendered":"DVD Telka Str\u00fdka Baltaz\u00e1ra \u2013 \u201eRozpr\u00e1vkov\u00fd muzik\u00e1l&#8221; \/z\u00e1znam predstavenia"},"content":{"rendered":"\n<p>Str\u00fdko Baltaz\u00e1r a nezbedn\u00fd macko Popletko za\u017e\u00edvaj\u00fa ka\u017ed\u00fd de\u0148 neuverite\u013en\u00e9 pr\u00edbehy. Pomocou k\u00faziel starej telev\u00edzie m\u00f4\u017eu cestova\u0165 do r\u00f4znych miest a \u010dasov. Spolu s de\u0165mi sa popleten\u00fd macko u\u010d\u00ed z\u00e1bavnou formou spozn\u00e1va\u0165 farby, \u010d\u00edsla, tvary \u010di p\u00edsmena. Ke\u010f sa u\u017e zd\u00e1, \u017ee nezbedn\u00fd medved\u00edk spolu s de\u0165mi nen\u00e1jdu z nebezpe\u010denstva cestu sp\u00e4\u0165, na pomoc im prich\u00e1dza bl\u00e1zniv\u00fd k\u00fazeln\u00edk a Str\u00fdkov z\u00e1zra\u010dn\u00fd telev\u00edzor.<\/p>\n\n\n\n<p>Za\u017eite spolu s va\u0161imi najmen\u0161\u00edmi jedine\u010dn\u00e9 muzik\u00e1lov\u00e9<br>predstavenie, pln\u00e9 vtipn\u00fdch dial\u00f3gov, sc\u00e9nok a vesel\u00fdch pesni\u010diek!<br>\u00da\u010dinkuj\u00fa: Str\u00fdko Baltaz\u00e1r, Macko Popletko &#8211; Daniela I\u0161tv\u00e1nov\u00e1, Bl\u00e1zniv\u00fd k\u00fazeln\u00edk &#8211; Samuel Proch\u00e1zka<\/p>\n","protected":false},"excerpt":{"rendered":"<p>Str\u00fdko Baltaz\u00e1r<\/p>\n","protected":false},"featured_media":623,"comment_status":"open","ping_status":"closed","template":"","meta":[],"product_cat":[20,18],"product_tag":[],"yoast_head":"<!-- This site is optimized with the Yoast SEO plugin v21.6 - https:\/\/yoast.com\/wordpress\/plugins\/seo\/ -->\n<title>DVD Telka Str\u00fdka Baltaz\u00e1ra \u2013 \u201eRozpr\u00e1vkov\u00fd muzik\u00e1l&quot; \/z\u00e1znam predstavenia - Str\u00fdko Baltaz\u00e1r<\/title>\n<meta name=\"robots\" content=\"index, follow, max-snippet:-1, max-image-preview:large, max-video-preview:-1\" \/>\n<link rel=\"canonical\" href=\"https:\/\/www.strykobaltazar.sk\/obchod\/index.php\/produkt\/dvd-telka-stryka-baltazara-rozpravkovy-muzikal-zaznam-predstavenia\/\" \/>\n<meta property=\"og:locale\" content=\"sk_SK\" \/>\n<meta property=\"og:type\" content=\"article\" \/>\n<meta property=\"og:title\" content=\"DVD Telka Str\u00fdka Baltaz\u00e1ra \u2013 \u201eRozpr\u00e1vkov\u00fd muzik\u00e1l&quot; \/z\u00e1znam predstavenia - Str\u00fdko Baltaz\u00e1r\" \/>\n<meta property=\"og:description\" content=\"Str\u00fdko Baltaz\u00e1r\" \/>\n<meta property=\"og:url\" content=\"https:\/\/www.strykobaltazar.sk\/obchod\/index.php\/produkt\/dvd-telka-stryka-baltazara-rozpravkovy-muzikal-zaznam-predstavenia\/\" \/>\n<meta property=\"og:site_name\" content=\"Str\u00fdko Baltaz\u00e1r\" \/>\n<meta property=\"article:modified_time\" content=\"2024-11-27T10:21:04+00:00\" \/>\n<meta property=\"og:image\" content=\"https:\/\/www.strykobaltazar.sk\/obchod\/wp-content\/uploads\/2024\/11\/Telka-Stryka-Baltazara.jpg\" \/>\n\t<meta property=\"og:image:width\" content=\"610\" \/>\n\t<meta property=\"og:image:height\" content=\"865\" \/>\n\t<meta property=\"og:image:type\" content=\"image\/jpeg\" \/>\n<meta name=\"twitter:card\" content=\"summary_large_image\" \/>\n<meta name=\"twitter:label1\" content=\"Predpokladan\u00fd \u010das \u010d\u00edtania\" \/>\n\t<meta name=\"twitter:data1\" content=\"1 min\u00fata\" \/>\n<script type=\"application\/ld+json\" class=\"yoast-schema-graph\">{\"@context\":\"https:\/\/schema.org\",\"@graph\":[{\"@type\":\"WebPage\",\"@id\":\"https:\/\/www.strykobaltazar.sk\/obchod\/index.php\/produkt\/dvd-telka-stryka-baltazara-rozpravkovy-muzikal-zaznam-predstavenia\/\",\"url\":\"https:\/\/www.strykobaltazar.sk\/obchod\/index.php\/produkt\/dvd-telka-stryka-baltazara-rozpravkovy-muzikal-zaznam-predstavenia\/\",\"name\":\"DVD Telka Str\u00fdka Baltaz\u00e1ra \u2013 \u201eRozpr\u00e1vkov\u00fd muzik\u00e1l\\\" \/z\u00e1znam predstavenia - Str\u00fdko Baltaz\u00e1r\",\"isPartOf\":{\"@id\":\"https:\/\/www.strykobaltazar.sk\/obchod\/#website\"},\"datePublished\":\"2024-11-27T10:10:15+00:00\",\"dateModified\":\"2024-11-27T10:21:04+00:00\",\"breadcrumb\":{\"@id\":\"https:\/\/www.strykobaltazar.sk\/obchod\/index.php\/produkt\/dvd-telka-stryka-baltazara-rozpravkovy-muzikal-zaznam-predstavenia\/#breadcrumb\"},\"inLanguage\":\"sk-SK\",\"potentialAction\":[{\"@type\":\"ReadAction\",\"target\":[\"https:\/\/www.strykobaltazar.sk\/obchod\/index.php\/produkt\/dvd-telka-stryka-baltazara-rozpravkovy-muzikal-zaznam-predstavenia\/\"]}]},{\"@type\":\"BreadcrumbList\",\"@id\":\"https:\/\/www.strykobaltazar.sk\/obchod\/index.php\/produkt\/dvd-telka-stryka-baltazara-rozpravkovy-muzikal-zaznam-predstavenia\/#breadcrumb\",\"itemListElement\":[{\"@type\":\"ListItem\",\"position\":1,\"name\":\"Home\",\"item\":\"https:\/\/www.strykobaltazar.sk\/obchod\/\"},{\"@type\":\"ListItem\",\"position\":2,\"name\":\"E-SHOP\",\"item\":\"https:\/\/www.strykobaltazar.sk\/obchod\/index.php\/shop\/\"},{\"@type\":\"ListItem\",\"position\":3,\"name\":\"DVD Telka Str\u00fdka Baltaz\u00e1ra \u2013 \u201eRozpr\u00e1vkov\u00fd muzik\u00e1l&#8221; \/z\u00e1znam predstavenia\"}]},{\"@type\":\"WebSite\",\"@id\":\"https:\/\/www.strykobaltazar.sk\/obchod\/#website\",\"url\":\"https:\/\/www.strykobaltazar.sk\/obchod\/\",\"name\":\"Str\u00fdko Baltaz\u00e1r\",\"description\":\"Ob\u013e\u00faben\u00e9 detsk\u00e9 pesni\u010dky, nov\u00e9 vide\u00e1, rozpr\u00e1vky a svet pln\u00fd fant\u00e1zie. Str\u00fdko Baltaz\u00e1r je jedine\u010dn\u00fd detsk\u00fd zab\u00e1va\u010d, ktor\u00fd spolu s Mackom Popletkom zab\u00e1va deti\u010dky aj na TV RIK v \u00faspe\u0161nej detskej rel\u00e1cii TELKA STR\u00ddKA BALTAZ\u00c1RA\",\"publisher\":{\"@id\":\"https:\/\/www.strykobaltazar.sk\/obchod\/#organization\"},\"potentialAction\":[{\"@type\":\"SearchAction\",\"target\":{\"@type\":\"EntryPoint\",\"urlTemplate\":\"https:\/\/www.strykobaltazar.sk\/obchod\/?s={search_term_string}\"},\"query-input\":\"required name=search_term_string\"}],\"inLanguage\":\"sk-SK\"},{\"@type\":\"Organization\",\"@id\":\"https:\/\/www.strykobaltazar.sk\/obchod\/#organization\",\"name\":\"Str\u00fdko Baltaz\u00e1r\",\"url\":\"https:\/\/www.strykobaltazar.sk\/obchod\/\",\"logo\":{\"@type\":\"ImageObject\",\"inLanguage\":\"sk-SK\",\"@id\":\"https:\/\/www.strykobaltazar.sk\/obchod\/#\/schema\/logo\/image\/\",\"url\":\"https:\/\/www.strykobaltazar.sk\/obchod\/wp-content\/uploads\/2023\/12\/Stryko-Baltazar-logo2.png\",\"contentUrl\":\"https:\/\/www.strykobaltazar.sk\/obchod\/wp-content\/uploads\/2023\/12\/Stryko-Baltazar-logo2.png\",\"width\":846,\"height\":846,\"caption\":\"Str\u00fdko Baltaz\u00e1r\"},\"image\":{\"@id\":\"https:\/\/www.strykobaltazar.sk\/obchod\/#\/schema\/logo\/image\/\"}}]}<\/script>\n<!-- \/ Yoast SEO plugin. -->","yoast_head_json":{"title":"DVD Telka Str\u00fdka Baltaz\u00e1ra \u2013 \u201eRozpr\u00e1vkov\u00fd muzik\u00e1l\" \/z\u00e1znam predstavenia - Str\u00fdko Baltaz\u00e1r","robots":{"index":"index","follow":"follow","max-snippet":"max-snippet:-1","max-image-preview":"max-image-preview:large","max-video-preview":"max-video-preview:-1"},"canonical":"https:\/\/www.strykobaltazar.sk\/obchod\/index.php\/produkt\/dvd-telka-stryka-baltazara-rozpravkovy-muzikal-zaznam-predstavenia\/","og_locale":"sk_SK","og_type":"article","og_title":"DVD Telka Str\u00fdka Baltaz\u00e1ra \u2013 \u201eRozpr\u00e1vkov\u00fd muzik\u00e1l\" \/z\u00e1znam predstavenia - Str\u00fdko Baltaz\u00e1r","og_description":"Str\u00fdko Baltaz\u00e1r","og_url":"https:\/\/www.strykobaltazar.sk\/obchod\/index.php\/produkt\/dvd-telka-stryka-baltazara-rozpravkovy-muzikal-zaznam-predstavenia\/","og_site_name":"Str\u00fdko Baltaz\u00e1r","article_modified_time":"2024-11-27T10:21:04+00:00","og_image":[{"width":610,"height":865,"url":"https:\/\/www.strykobaltazar.sk\/obchod\/wp-content\/uploads\/2024\/11\/Telka-Stryka-Baltazara.jpg","type":"image\/jpeg"}],"twitter_card":"summary_large_image","twitter_misc":{"Predpokladan\u00fd \u010das \u010d\u00edtania":"1 min\u00fata"},"schema":{"@context":"https:\/\/schema.org","@graph":[{"@type":"WebPage","@id":"https:\/\/www.strykobaltazar.sk\/obchod\/index.php\/produkt\/dvd-telka-stryka-baltazara-rozpravkovy-muzikal-zaznam-predstavenia\/","url":"https:\/\/www.strykobaltazar.sk\/obchod\/index.php\/produkt\/dvd-telka-stryka-baltazara-rozpravkovy-muzikal-zaznam-predstavenia\/","name":"DVD Telka Str\u00fdka Baltaz\u00e1ra \u2013 \u201eRozpr\u00e1vkov\u00fd muzik\u00e1l\" \/z\u00e1znam predstavenia - Str\u00fdko Baltaz\u00e1r","isPartOf":{"@id":"https:\/\/www.strykobaltazar.sk\/obchod\/#website"},"datePublished":"2024-11-27T10:10:15+00:00","dateModified":"2024-11-27T10:21:04+00:00","breadcrumb":{"@id":"https:\/\/www.strykobaltazar.sk\/obchod\/index.php\/produkt\/dvd-telka-stryka-baltazara-rozpravkovy-muzikal-zaznam-predstavenia\/#breadcrumb"},"inLanguage":"sk-SK","potentialAction":[{"@type":"ReadAction","target":["https:\/\/www.strykobaltazar.sk\/obchod\/index.php\/produkt\/dvd-telka-stryka-baltazara-rozpravkovy-muzikal-zaznam-predstavenia\/"]}]},{"@type":"BreadcrumbList","@id":"https:\/\/www.strykobaltazar.sk\/obchod\/index.php\/produkt\/dvd-telka-stryka-baltazara-rozpravkovy-muzikal-zaznam-predstavenia\/#breadcrumb","itemListElement":[{"@type":"ListItem","position":1,"name":"Home","item":"https:\/\/www.strykobaltazar.sk\/obchod\/"},{"@type":"ListItem","position":2,"name":"E-SHOP","item":"https:\/\/www.strykobaltazar.sk\/obchod\/index.php\/shop\/"},{"@type":"ListItem","position":3,"name":"DVD Telka Str\u00fdka Baltaz\u00e1ra \u2013 \u201eRozpr\u00e1vkov\u00fd muzik\u00e1l&#8221; \/z\u00e1znam predstavenia"}]},{"@type":"WebSite","@id":"https:\/\/www.strykobaltazar.sk\/obchod\/#website","url":"https:\/\/www.strykobaltazar.sk\/obchod\/","name":"Str\u00fdko Baltaz\u00e1r","description":"Ob\u013e\u00faben\u00e9 detsk\u00e9 pesni\u010dky, nov\u00e9 vide\u00e1, rozpr\u00e1vky a svet pln\u00fd fant\u00e1zie. Str\u00fdko Baltaz\u00e1r je jedine\u010dn\u00fd detsk\u00fd zab\u00e1va\u010d, ktor\u00fd spolu s Mackom Popletkom zab\u00e1va deti\u010dky aj na TV RIK v \u00faspe\u0161nej detskej rel\u00e1cii TELKA STR\u00ddKA BALTAZ\u00c1RA","publisher":{"@id":"https:\/\/www.strykobaltazar.sk\/obchod\/#organization"},"potentialAction":[{"@type":"SearchAction","target":{"@type":"EntryPoint","urlTemplate":"https:\/\/www.strykobaltazar.sk\/obchod\/?s={search_term_string}"},"query-input":"required name=search_term_string"}],"inLanguage":"sk-SK"},{"@type":"Organization","@id":"https:\/\/www.strykobaltazar.sk\/obchod\/#organization","name":"Str\u00fdko Baltaz\u00e1r","url":"https:\/\/www.strykobaltazar.sk\/obchod\/","logo":{"@type":"ImageObject","inLanguage":"sk-SK","@id":"https:\/\/www.strykobaltazar.sk\/obchod\/#\/schema\/logo\/image\/","url":"https:\/\/www.strykobaltazar.sk\/obchod\/wp-content\/uploads\/2023\/12\/Stryko-Baltazar-logo2.png","contentUrl":"https:\/\/www.strykobaltazar.sk\/obchod\/wp-content\/uploads\/2023\/12\/Stryko-Baltazar-logo2.png","width":846,"height":846,"caption":"Str\u00fdko Baltaz\u00e1r"},"image":{"@id":"https:\/\/www.strykobaltazar.sk\/obchod\/#\/schema\/logo\/image\/"}}]}},"jetpack_sharing_enabled":true,"_links":{"self":[{"href":"https:\/\/www.strykobaltazar.sk\/obchod\/index.php\/wp-json\/wp\/v2\/product\/624"}],"collection":[{"href":"https:\/\/www.strykobaltazar.sk\/obchod\/index.php\/wp-json\/wp\/v2\/product"}],"about":[{"href":"https:\/\/www.strykobaltazar.sk\/obchod\/index.php\/wp-json\/wp\/v2\/types\/product"}],"replies":[{"embeddable":true,"href":"https:\/\/www.strykobaltazar.sk\/obchod\/index.php\/wp-json\/wp\/v2\/comments?post=624"}],"version-history":[{"count":1,"href":"https:\/\/www.strykobaltazar.sk\/obchod\/index.php\/wp-json\/wp\/v2\/product\/624\/revisions"}],"predecessor-version":[{"id":625,"href":"https:\/\/www.strykobaltazar.sk\/obchod\/index.php\/wp-json\/wp\/v2\/product\/624\/revisions\/625"}],"wp:featuredmedia":[{"embeddable":true,"href":"https:\/\/www.strykobaltazar.sk\/obchod\/index.php\/wp-json\/wp\/v2\/media\/623"}],"wp:attachment":[{"href":"https:\/\/www.strykobaltazar.sk\/obchod\/index.php\/wp-json\/wp\/v2\/media?parent=624"}],"wp:term":[{"taxonomy":"product_cat","embeddable":true,"href":"https:\/\/www.strykobaltazar.sk\/obchod\/index.php\/wp-json\/wp\/v2\/product_cat?post=624"},{"taxonomy":"product_tag","embeddable":true,"href":"https:\/\/www.strykobaltazar.sk\/obchod\/index.php\/wp-json\/wp\/v2\/product_tag?post=624"}],"curies":[{"name":"wp","href":"https:\/\/api.w.org\/{rel}","templated":true}]}}