{"id":34,"date":"2023-12-08T15:34:53","date_gmt":"2023-12-08T14:34:53","guid":{"rendered":"https:\/\/www.strykobaltazar.sk\/obchod\/?post_type=product&#038;p=34"},"modified":"2023-12-12T13:05:35","modified_gmt":"2023-12-12T12:05:35","slug":"kniha-telka-stryka-baltazara","status":"publish","type":"product","link":"https:\/\/www.strykobaltazar.sk\/obchod\/index.php\/produkt\/kniha-telka-stryka-baltazara\/","title":{"rendered":"KNIHA Telka Str\u00fdka Baltaz\u00e1ra s venovan\u00edm"},"content":{"rendered":"\n<p>Pomocou k\u00faziel starej telev\u00edzie m\u00f4\u017eu cestova\u0165 do r\u00f4znych miest a \u010dasov. Objavuj\u00fa tak kr\u00e1sy sveta a spozn\u00e1vaj\u00fa nov\u00e9 veci. Ke\u010f sa u\u017e zd\u00e1, \u017ee popleten\u00fd medved\u00edk spolu s de\u0165mi nen\u00e1jde z nebezpe\u010denstva cestu sp\u00e4\u0165, na pomoc im prich\u00e1dza Str\u00fdko Baltaz\u00e1r a jeho z\u00e1zra\u010dn\u00fd telev\u00edzor. Pri \u010d\u00edtan\u00ed tejto rozpr\u00e1vkovej knihy za\u017eijete kopec z\u00e1bavy, budete sa smia\u0165, mo\u017eno trochu b\u00e1\u0165, ale z\u00e1rove\u0148 sa va\u0161e deti hravou formou nau\u010dia mnoh\u00fdm u\u017eito\u010dn\u00fdm veciam.<br>Preto otvorte t\u00fato \u010darovn\u00fa knihu a vyrazte na dobrodru\u017en\u00fa cestu s telkou Str\u00fdka Baltaz\u00e1ra a jeho zvedav\u00fdm kamar\u00e1tom Mackom Popletkom.<\/p>\n","protected":false},"excerpt":{"rendered":"<p><strong>Meno die\u0165a\u0165a uve\u010fte do pozn\u00e1mky formul\u00e1ra n\u00e1kupn\u00e9ho ko\u0161\u00edka.<br \/><\/strong>Str\u00fdko Baltaz\u00e1r a nezbedn\u00fd macko Popletko za\u017e\u00edvaj\u00fa ka\u017ed\u00fd de\u0148 neuverite\u013en\u00e9 pr\u00edbehy.<\/p>\n","protected":false},"featured_media":35,"comment_status":"open","ping_status":"closed","template":"","meta":[],"product_cat":[18,21],"product_tag":[],"yoast_head":"<!-- This site is optimized with the Yoast SEO plugin v21.6 - https:\/\/yoast.com\/wordpress\/plugins\/seo\/ -->\n<title>KNIHA Telka Str\u00fdka Baltaz\u00e1ra s venovan\u00edm - Str\u00fdko Baltaz\u00e1r<\/title>\n<meta name=\"robots\" content=\"index, follow, max-snippet:-1, max-image-preview:large, max-video-preview:-1\" \/>\n<link rel=\"canonical\" href=\"https:\/\/www.strykobaltazar.sk\/obchod\/index.php\/produkt\/kniha-telka-stryka-baltazara\/\" \/>\n<meta property=\"og:locale\" content=\"sk_SK\" \/>\n<meta property=\"og:type\" content=\"article\" \/>\n<meta property=\"og:title\" content=\"KNIHA Telka Str\u00fdka Baltaz\u00e1ra s venovan\u00edm - Str\u00fdko Baltaz\u00e1r\" \/>\n<meta property=\"og:description\" content=\"Meno die\u0165a\u0165a uve\u010fte do pozn\u00e1mky formul\u00e1ra n\u00e1kupn\u00e9ho ko\u0161\u00edka.Str\u00fdko Baltaz\u00e1r a nezbedn\u00fd macko Popletko za\u017e\u00edvaj\u00fa ka\u017ed\u00fd de\u0148 neuverite\u013en\u00e9 pr\u00edbehy.\" \/>\n<meta property=\"og:url\" content=\"https:\/\/www.strykobaltazar.sk\/obchod\/index.php\/produkt\/kniha-telka-stryka-baltazara\/\" \/>\n<meta property=\"og:site_name\" content=\"Str\u00fdko Baltaz\u00e1r\" \/>\n<meta property=\"article:modified_time\" content=\"2023-12-12T12:05:35+00:00\" \/>\n<meta property=\"og:image\" content=\"https:\/\/www.strykobaltazar.sk\/obchod\/wp-content\/uploads\/2023\/12\/Titulka-predna.jpg\" \/>\n\t<meta property=\"og:image:width\" content=\"1235\" \/>\n\t<meta property=\"og:image:height\" content=\"1406\" \/>\n\t<meta property=\"og:image:type\" content=\"image\/jpeg\" \/>\n<meta name=\"twitter:card\" content=\"summary_large_image\" \/>\n<meta name=\"twitter:label1\" content=\"Predpokladan\u00fd \u010das \u010d\u00edtania\" \/>\n\t<meta name=\"twitter:data1\" content=\"1 min\u00fata\" \/>\n<script type=\"application\/ld+json\" class=\"yoast-schema-graph\">{\"@context\":\"https:\/\/schema.org\",\"@graph\":[{\"@type\":\"WebPage\",\"@id\":\"https:\/\/www.strykobaltazar.sk\/obchod\/index.php\/produkt\/kniha-telka-stryka-baltazara\/\",\"url\":\"https:\/\/www.strykobaltazar.sk\/obchod\/index.php\/produkt\/kniha-telka-stryka-baltazara\/\",\"name\":\"KNIHA Telka Str\u00fdka Baltaz\u00e1ra s venovan\u00edm - Str\u00fdko Baltaz\u00e1r\",\"isPartOf\":{\"@id\":\"https:\/\/www.strykobaltazar.sk\/obchod\/#website\"},\"datePublished\":\"2023-12-08T14:34:53+00:00\",\"dateModified\":\"2023-12-12T12:05:35+00:00\",\"breadcrumb\":{\"@id\":\"https:\/\/www.strykobaltazar.sk\/obchod\/index.php\/produkt\/kniha-telka-stryka-baltazara\/#breadcrumb\"},\"inLanguage\":\"sk-SK\",\"potentialAction\":[{\"@type\":\"ReadAction\",\"target\":[\"https:\/\/www.strykobaltazar.sk\/obchod\/index.php\/produkt\/kniha-telka-stryka-baltazara\/\"]}]},{\"@type\":\"BreadcrumbList\",\"@id\":\"https:\/\/www.strykobaltazar.sk\/obchod\/index.php\/produkt\/kniha-telka-stryka-baltazara\/#breadcrumb\",\"itemListElement\":[{\"@type\":\"ListItem\",\"position\":1,\"name\":\"Home\",\"item\":\"https:\/\/www.strykobaltazar.sk\/obchod\/\"},{\"@type\":\"ListItem\",\"position\":2,\"name\":\"E-SHOP\",\"item\":\"https:\/\/www.strykobaltazar.sk\/obchod\/index.php\/shop\/\"},{\"@type\":\"ListItem\",\"position\":3,\"name\":\"KNIHA Telka Str\u00fdka Baltaz\u00e1ra s venovan\u00edm\"}]},{\"@type\":\"WebSite\",\"@id\":\"https:\/\/www.strykobaltazar.sk\/obchod\/#website\",\"url\":\"https:\/\/www.strykobaltazar.sk\/obchod\/\",\"name\":\"Str\u00fdko Baltaz\u00e1r\",\"description\":\"Ob\u013e\u00faben\u00e9 detsk\u00e9 pesni\u010dky, nov\u00e9 vide\u00e1, rozpr\u00e1vky a svet pln\u00fd fant\u00e1zie. Str\u00fdko Baltaz\u00e1r je jedine\u010dn\u00fd detsk\u00fd zab\u00e1va\u010d, ktor\u00fd spolu s Mackom Popletkom zab\u00e1va deti\u010dky aj na TV RIK v \u00faspe\u0161nej detskej rel\u00e1cii TELKA STR\u00ddKA BALTAZ\u00c1RA\",\"publisher\":{\"@id\":\"https:\/\/www.strykobaltazar.sk\/obchod\/#organization\"},\"potentialAction\":[{\"@type\":\"SearchAction\",\"target\":{\"@type\":\"EntryPoint\",\"urlTemplate\":\"https:\/\/www.strykobaltazar.sk\/obchod\/?s={search_term_string}\"},\"query-input\":\"required name=search_term_string\"}],\"inLanguage\":\"sk-SK\"},{\"@type\":\"Organization\",\"@id\":\"https:\/\/www.strykobaltazar.sk\/obchod\/#organization\",\"name\":\"Str\u00fdko Baltaz\u00e1r\",\"url\":\"https:\/\/www.strykobaltazar.sk\/obchod\/\",\"logo\":{\"@type\":\"ImageObject\",\"inLanguage\":\"sk-SK\",\"@id\":\"https:\/\/www.strykobaltazar.sk\/obchod\/#\/schema\/logo\/image\/\",\"url\":\"https:\/\/www.strykobaltazar.sk\/obchod\/wp-content\/uploads\/2023\/12\/Stryko-Baltazar-logo2.png\",\"contentUrl\":\"https:\/\/www.strykobaltazar.sk\/obchod\/wp-content\/uploads\/2023\/12\/Stryko-Baltazar-logo2.png\",\"width\":846,\"height\":846,\"caption\":\"Str\u00fdko Baltaz\u00e1r\"},\"image\":{\"@id\":\"https:\/\/www.strykobaltazar.sk\/obchod\/#\/schema\/logo\/image\/\"}}]}<\/script>\n<!-- \/ Yoast SEO plugin. -->","yoast_head_json":{"title":"KNIHA Telka Str\u00fdka Baltaz\u00e1ra s venovan\u00edm - Str\u00fdko Baltaz\u00e1r","robots":{"index":"index","follow":"follow","max-snippet":"max-snippet:-1","max-image-preview":"max-image-preview:large","max-video-preview":"max-video-preview:-1"},"canonical":"https:\/\/www.strykobaltazar.sk\/obchod\/index.php\/produkt\/kniha-telka-stryka-baltazara\/","og_locale":"sk_SK","og_type":"article","og_title":"KNIHA Telka Str\u00fdka Baltaz\u00e1ra s venovan\u00edm - Str\u00fdko Baltaz\u00e1r","og_description":"Meno die\u0165a\u0165a uve\u010fte do pozn\u00e1mky formul\u00e1ra n\u00e1kupn\u00e9ho ko\u0161\u00edka.Str\u00fdko Baltaz\u00e1r a nezbedn\u00fd macko Popletko za\u017e\u00edvaj\u00fa ka\u017ed\u00fd de\u0148 neuverite\u013en\u00e9 pr\u00edbehy.","og_url":"https:\/\/www.strykobaltazar.sk\/obchod\/index.php\/produkt\/kniha-telka-stryka-baltazara\/","og_site_name":"Str\u00fdko Baltaz\u00e1r","article_modified_time":"2023-12-12T12:05:35+00:00","og_image":[{"width":1235,"height":1406,"url":"https:\/\/www.strykobaltazar.sk\/obchod\/wp-content\/uploads\/2023\/12\/Titulka-predna.jpg","type":"image\/jpeg"}],"twitter_card":"summary_large_image","twitter_misc":{"Predpokladan\u00fd \u010das \u010d\u00edtania":"1 min\u00fata"},"schema":{"@context":"https:\/\/schema.org","@graph":[{"@type":"WebPage","@id":"https:\/\/www.strykobaltazar.sk\/obchod\/index.php\/produkt\/kniha-telka-stryka-baltazara\/","url":"https:\/\/www.strykobaltazar.sk\/obchod\/index.php\/produkt\/kniha-telka-stryka-baltazara\/","name":"KNIHA Telka Str\u00fdka Baltaz\u00e1ra s venovan\u00edm - Str\u00fdko Baltaz\u00e1r","isPartOf":{"@id":"https:\/\/www.strykobaltazar.sk\/obchod\/#website"},"datePublished":"2023-12-08T14:34:53+00:00","dateModified":"2023-12-12T12:05:35+00:00","breadcrumb":{"@id":"https:\/\/www.strykobaltazar.sk\/obchod\/index.php\/produkt\/kniha-telka-stryka-baltazara\/#breadcrumb"},"inLanguage":"sk-SK","potentialAction":[{"@type":"ReadAction","target":["https:\/\/www.strykobaltazar.sk\/obchod\/index.php\/produkt\/kniha-telka-stryka-baltazara\/"]}]},{"@type":"BreadcrumbList","@id":"https:\/\/www.strykobaltazar.sk\/obchod\/index.php\/produkt\/kniha-telka-stryka-baltazara\/#breadcrumb","itemListElement":[{"@type":"ListItem","position":1,"name":"Home","item":"https:\/\/www.strykobaltazar.sk\/obchod\/"},{"@type":"ListItem","position":2,"name":"E-SHOP","item":"https:\/\/www.strykobaltazar.sk\/obchod\/index.php\/shop\/"},{"@type":"ListItem","position":3,"name":"KNIHA Telka Str\u00fdka Baltaz\u00e1ra s venovan\u00edm"}]},{"@type":"WebSite","@id":"https:\/\/www.strykobaltazar.sk\/obchod\/#website","url":"https:\/\/www.strykobaltazar.sk\/obchod\/","name":"Str\u00fdko Baltaz\u00e1r","description":"Ob\u013e\u00faben\u00e9 detsk\u00e9 pesni\u010dky, nov\u00e9 vide\u00e1, rozpr\u00e1vky a svet pln\u00fd fant\u00e1zie. Str\u00fdko Baltaz\u00e1r je jedine\u010dn\u00fd detsk\u00fd zab\u00e1va\u010d, ktor\u00fd spolu s Mackom Popletkom zab\u00e1va deti\u010dky aj na TV RIK v \u00faspe\u0161nej detskej rel\u00e1cii TELKA STR\u00ddKA BALTAZ\u00c1RA","publisher":{"@id":"https:\/\/www.strykobaltazar.sk\/obchod\/#organization"},"potentialAction":[{"@type":"SearchAction","target":{"@type":"EntryPoint","urlTemplate":"https:\/\/www.strykobaltazar.sk\/obchod\/?s={search_term_string}"},"query-input":"required name=search_term_string"}],"inLanguage":"sk-SK"},{"@type":"Organization","@id":"https:\/\/www.strykobaltazar.sk\/obchod\/#organization","name":"Str\u00fdko Baltaz\u00e1r","url":"https:\/\/www.strykobaltazar.sk\/obchod\/","logo":{"@type":"ImageObject","inLanguage":"sk-SK","@id":"https:\/\/www.strykobaltazar.sk\/obchod\/#\/schema\/logo\/image\/","url":"https:\/\/www.strykobaltazar.sk\/obchod\/wp-content\/uploads\/2023\/12\/Stryko-Baltazar-logo2.png","contentUrl":"https:\/\/www.strykobaltazar.sk\/obchod\/wp-content\/uploads\/2023\/12\/Stryko-Baltazar-logo2.png","width":846,"height":846,"caption":"Str\u00fdko Baltaz\u00e1r"},"image":{"@id":"https:\/\/www.strykobaltazar.sk\/obchod\/#\/schema\/logo\/image\/"}}]}},"jetpack_sharing_enabled":true,"_links":{"self":[{"href":"https:\/\/www.strykobaltazar.sk\/obchod\/index.php\/wp-json\/wp\/v2\/product\/34"}],"collection":[{"href":"https:\/\/www.strykobaltazar.sk\/obchod\/index.php\/wp-json\/wp\/v2\/product"}],"about":[{"href":"https:\/\/www.strykobaltazar.sk\/obchod\/index.php\/wp-json\/wp\/v2\/types\/product"}],"replies":[{"embeddable":true,"href":"https:\/\/www.strykobaltazar.sk\/obchod\/index.php\/wp-json\/wp\/v2\/comments?post=34"}],"version-history":[{"count":3,"href":"https:\/\/www.strykobaltazar.sk\/obchod\/index.php\/wp-json\/wp\/v2\/product\/34\/revisions"}],"predecessor-version":[{"id":589,"href":"https:\/\/www.strykobaltazar.sk\/obchod\/index.php\/wp-json\/wp\/v2\/product\/34\/revisions\/589"}],"wp:featuredmedia":[{"embeddable":true,"href":"https:\/\/www.strykobaltazar.sk\/obchod\/index.php\/wp-json\/wp\/v2\/media\/35"}],"wp:attachment":[{"href":"https:\/\/www.strykobaltazar.sk\/obchod\/index.php\/wp-json\/wp\/v2\/media?parent=34"}],"wp:term":[{"taxonomy":"product_cat","embeddable":true,"href":"https:\/\/www.strykobaltazar.sk\/obchod\/index.php\/wp-json\/wp\/v2\/product_cat?post=34"},{"taxonomy":"product_tag","embeddable":true,"href":"https:\/\/www.strykobaltazar.sk\/obchod\/index.php\/wp-json\/wp\/v2\/product_tag?post=34"}],"curies":[{"name":"wp","href":"https:\/\/api.w.org\/{rel}","templated":true}]}}