{"id":31,"date":"2023-12-08T15:29:10","date_gmt":"2023-12-08T14:29:10","guid":{"rendered":"https:\/\/www.strykobaltazar.sk\/obchod\/?post_type=product&#038;p=31"},"modified":"2024-12-13T09:42:59","modified_gmt":"2024-12-13T08:42:59","slug":"dvd-stryko-baltazar-cesta-na-severny-pol","status":"publish","type":"product","link":"https:\/\/www.strykobaltazar.sk\/obchod\/index.php\/produkt\/dvd-stryko-baltazar-cesta-na-severny-pol\/","title":{"rendered":"DVD Str\u00fdko Baltaz\u00e1r: Cesta na Severn\u00fd p\u00f3l"},"content":{"rendered":"\n<p>\u00daspe\u0161n\u00fd rozpr\u00e1vkov\u00fd muzik\u00e1l pre rodiny s de\u0165mi Str\u00fdko Baltaz\u00e1r &#8211; Cesta na Severn\u00fd p\u00f3l, je z\u00e1znam divadeln\u00e9ho predstavenia. Jedn\u00e9ho d\u0148a Str\u00fdko Baltaz\u00e1r obdr\u017e\u00ed od svojej eskim\u00e1ckej kamar\u00e1tky Yoko list. T\u00e1 ho pros\u00ed o pomoc pri objasnen\u00ed z\u00e1hady, ktor\u00e1 sa deje u nich na severnom p\u00f3le. U\u017e dlh\u0161\u00ed \u010das jej mizn\u00fa uloven\u00e9 ryby a str\u00e1caj\u00fa sa r\u00f4zne veci. P\u00fatav\u00fd, ale z\u00e1rove\u0148 aj pou\u010dn\u00fd rozpr\u00e1vkov\u00fd pr\u00edbeh o priate\u013estve a \u013eudskej dobrote je pln\u00fd piesn\u00ed, z\u00e1bavn\u00fdch sc\u00e9nok a prekvapiv\u00fdch momentov.<\/p>\n","protected":false},"excerpt":{"rendered":"<p>\u00daspe\u0161n\u00fd rozpr\u00e1vkov\u00fd muzik\u00e1l pre rodiny s de\u0165mi Str\u00fdko Baltaz\u00e1r &#8211; Cesta na Severn\u00fd p\u00f3l.<\/p>\n","protected":false},"featured_media":32,"comment_status":"open","ping_status":"closed","template":"","meta":[],"product_cat":[20,18],"product_tag":[],"yoast_head":"<!-- This site is optimized with the Yoast SEO plugin v21.6 - https:\/\/yoast.com\/wordpress\/plugins\/seo\/ -->\n<title>DVD Str\u00fdko Baltaz\u00e1r: Cesta na Severn\u00fd p\u00f3l - Str\u00fdko Baltaz\u00e1r<\/title>\n<meta name=\"robots\" content=\"index, follow, max-snippet:-1, max-image-preview:large, max-video-preview:-1\" \/>\n<link rel=\"canonical\" href=\"https:\/\/www.strykobaltazar.sk\/obchod\/index.php\/produkt\/dvd-stryko-baltazar-cesta-na-severny-pol\/\" \/>\n<meta property=\"og:locale\" content=\"sk_SK\" \/>\n<meta property=\"og:type\" content=\"article\" \/>\n<meta property=\"og:title\" content=\"DVD Str\u00fdko Baltaz\u00e1r: Cesta na Severn\u00fd p\u00f3l - Str\u00fdko Baltaz\u00e1r\" \/>\n<meta property=\"og:description\" content=\"\u00daspe\u0161n\u00fd rozpr\u00e1vkov\u00fd muzik\u00e1l pre rodiny s de\u0165mi Str\u00fdko Baltaz\u00e1r - Cesta na Severn\u00fd p\u00f3l.\" \/>\n<meta property=\"og:url\" content=\"https:\/\/www.strykobaltazar.sk\/obchod\/index.php\/produkt\/dvd-stryko-baltazar-cesta-na-severny-pol\/\" \/>\n<meta property=\"og:site_name\" content=\"Str\u00fdko Baltaz\u00e1r\" \/>\n<meta property=\"article:modified_time\" content=\"2024-12-13T08:42:59+00:00\" \/>\n<meta property=\"og:image\" content=\"https:\/\/www.strykobaltazar.sk\/obchod\/wp-content\/uploads\/2023\/12\/Baltazar-Cesta-na-pol-2023-01.jpg\" \/>\n\t<meta property=\"og:image:width\" content=\"1169\" \/>\n\t<meta property=\"og:image:height\" content=\"1653\" \/>\n\t<meta property=\"og:image:type\" content=\"image\/jpeg\" \/>\n<meta name=\"twitter:card\" content=\"summary_large_image\" \/>\n<meta name=\"twitter:label1\" content=\"Predpokladan\u00fd \u010das \u010d\u00edtania\" \/>\n\t<meta name=\"twitter:data1\" content=\"1 min\u00fata\" \/>\n<script type=\"application\/ld+json\" class=\"yoast-schema-graph\">{\"@context\":\"https:\/\/schema.org\",\"@graph\":[{\"@type\":\"WebPage\",\"@id\":\"https:\/\/www.strykobaltazar.sk\/obchod\/index.php\/produkt\/dvd-stryko-baltazar-cesta-na-severny-pol\/\",\"url\":\"https:\/\/www.strykobaltazar.sk\/obchod\/index.php\/produkt\/dvd-stryko-baltazar-cesta-na-severny-pol\/\",\"name\":\"DVD Str\u00fdko Baltaz\u00e1r: Cesta na Severn\u00fd p\u00f3l - Str\u00fdko Baltaz\u00e1r\",\"isPartOf\":{\"@id\":\"https:\/\/www.strykobaltazar.sk\/obchod\/#website\"},\"datePublished\":\"2023-12-08T14:29:10+00:00\",\"dateModified\":\"2024-12-13T08:42:59+00:00\",\"breadcrumb\":{\"@id\":\"https:\/\/www.strykobaltazar.sk\/obchod\/index.php\/produkt\/dvd-stryko-baltazar-cesta-na-severny-pol\/#breadcrumb\"},\"inLanguage\":\"sk-SK\",\"potentialAction\":[{\"@type\":\"ReadAction\",\"target\":[\"https:\/\/www.strykobaltazar.sk\/obchod\/index.php\/produkt\/dvd-stryko-baltazar-cesta-na-severny-pol\/\"]}]},{\"@type\":\"BreadcrumbList\",\"@id\":\"https:\/\/www.strykobaltazar.sk\/obchod\/index.php\/produkt\/dvd-stryko-baltazar-cesta-na-severny-pol\/#breadcrumb\",\"itemListElement\":[{\"@type\":\"ListItem\",\"position\":1,\"name\":\"Home\",\"item\":\"https:\/\/www.strykobaltazar.sk\/obchod\/\"},{\"@type\":\"ListItem\",\"position\":2,\"name\":\"E-SHOP\",\"item\":\"https:\/\/www.strykobaltazar.sk\/obchod\/index.php\/shop\/\"},{\"@type\":\"ListItem\",\"position\":3,\"name\":\"DVD Str\u00fdko Baltaz\u00e1r: Cesta na Severn\u00fd p\u00f3l\"}]},{\"@type\":\"WebSite\",\"@id\":\"https:\/\/www.strykobaltazar.sk\/obchod\/#website\",\"url\":\"https:\/\/www.strykobaltazar.sk\/obchod\/\",\"name\":\"Str\u00fdko Baltaz\u00e1r\",\"description\":\"Ob\u013e\u00faben\u00e9 detsk\u00e9 pesni\u010dky, nov\u00e9 vide\u00e1, rozpr\u00e1vky a svet pln\u00fd fant\u00e1zie. Str\u00fdko Baltaz\u00e1r je jedine\u010dn\u00fd detsk\u00fd zab\u00e1va\u010d, ktor\u00fd spolu s Mackom Popletkom zab\u00e1va deti\u010dky aj na TV RIK v \u00faspe\u0161nej detskej rel\u00e1cii TELKA STR\u00ddKA BALTAZ\u00c1RA\",\"publisher\":{\"@id\":\"https:\/\/www.strykobaltazar.sk\/obchod\/#organization\"},\"potentialAction\":[{\"@type\":\"SearchAction\",\"target\":{\"@type\":\"EntryPoint\",\"urlTemplate\":\"https:\/\/www.strykobaltazar.sk\/obchod\/?s={search_term_string}\"},\"query-input\":\"required name=search_term_string\"}],\"inLanguage\":\"sk-SK\"},{\"@type\":\"Organization\",\"@id\":\"https:\/\/www.strykobaltazar.sk\/obchod\/#organization\",\"name\":\"Str\u00fdko Baltaz\u00e1r\",\"url\":\"https:\/\/www.strykobaltazar.sk\/obchod\/\",\"logo\":{\"@type\":\"ImageObject\",\"inLanguage\":\"sk-SK\",\"@id\":\"https:\/\/www.strykobaltazar.sk\/obchod\/#\/schema\/logo\/image\/\",\"url\":\"https:\/\/www.strykobaltazar.sk\/obchod\/wp-content\/uploads\/2023\/12\/Stryko-Baltazar-logo2.png\",\"contentUrl\":\"https:\/\/www.strykobaltazar.sk\/obchod\/wp-content\/uploads\/2023\/12\/Stryko-Baltazar-logo2.png\",\"width\":846,\"height\":846,\"caption\":\"Str\u00fdko Baltaz\u00e1r\"},\"image\":{\"@id\":\"https:\/\/www.strykobaltazar.sk\/obchod\/#\/schema\/logo\/image\/\"}}]}<\/script>\n<!-- \/ Yoast SEO plugin. -->","yoast_head_json":{"title":"DVD Str\u00fdko Baltaz\u00e1r: Cesta na Severn\u00fd p\u00f3l - Str\u00fdko Baltaz\u00e1r","robots":{"index":"index","follow":"follow","max-snippet":"max-snippet:-1","max-image-preview":"max-image-preview:large","max-video-preview":"max-video-preview:-1"},"canonical":"https:\/\/www.strykobaltazar.sk\/obchod\/index.php\/produkt\/dvd-stryko-baltazar-cesta-na-severny-pol\/","og_locale":"sk_SK","og_type":"article","og_title":"DVD Str\u00fdko Baltaz\u00e1r: Cesta na Severn\u00fd p\u00f3l - Str\u00fdko Baltaz\u00e1r","og_description":"\u00daspe\u0161n\u00fd rozpr\u00e1vkov\u00fd muzik\u00e1l pre rodiny s de\u0165mi Str\u00fdko Baltaz\u00e1r - Cesta na Severn\u00fd p\u00f3l.","og_url":"https:\/\/www.strykobaltazar.sk\/obchod\/index.php\/produkt\/dvd-stryko-baltazar-cesta-na-severny-pol\/","og_site_name":"Str\u00fdko Baltaz\u00e1r","article_modified_time":"2024-12-13T08:42:59+00:00","og_image":[{"width":1169,"height":1653,"url":"https:\/\/www.strykobaltazar.sk\/obchod\/wp-content\/uploads\/2023\/12\/Baltazar-Cesta-na-pol-2023-01.jpg","type":"image\/jpeg"}],"twitter_card":"summary_large_image","twitter_misc":{"Predpokladan\u00fd \u010das \u010d\u00edtania":"1 min\u00fata"},"schema":{"@context":"https:\/\/schema.org","@graph":[{"@type":"WebPage","@id":"https:\/\/www.strykobaltazar.sk\/obchod\/index.php\/produkt\/dvd-stryko-baltazar-cesta-na-severny-pol\/","url":"https:\/\/www.strykobaltazar.sk\/obchod\/index.php\/produkt\/dvd-stryko-baltazar-cesta-na-severny-pol\/","name":"DVD Str\u00fdko Baltaz\u00e1r: Cesta na Severn\u00fd p\u00f3l - Str\u00fdko Baltaz\u00e1r","isPartOf":{"@id":"https:\/\/www.strykobaltazar.sk\/obchod\/#website"},"datePublished":"2023-12-08T14:29:10+00:00","dateModified":"2024-12-13T08:42:59+00:00","breadcrumb":{"@id":"https:\/\/www.strykobaltazar.sk\/obchod\/index.php\/produkt\/dvd-stryko-baltazar-cesta-na-severny-pol\/#breadcrumb"},"inLanguage":"sk-SK","potentialAction":[{"@type":"ReadAction","target":["https:\/\/www.strykobaltazar.sk\/obchod\/index.php\/produkt\/dvd-stryko-baltazar-cesta-na-severny-pol\/"]}]},{"@type":"BreadcrumbList","@id":"https:\/\/www.strykobaltazar.sk\/obchod\/index.php\/produkt\/dvd-stryko-baltazar-cesta-na-severny-pol\/#breadcrumb","itemListElement":[{"@type":"ListItem","position":1,"name":"Home","item":"https:\/\/www.strykobaltazar.sk\/obchod\/"},{"@type":"ListItem","position":2,"name":"E-SHOP","item":"https:\/\/www.strykobaltazar.sk\/obchod\/index.php\/shop\/"},{"@type":"ListItem","position":3,"name":"DVD Str\u00fdko Baltaz\u00e1r: Cesta na Severn\u00fd p\u00f3l"}]},{"@type":"WebSite","@id":"https:\/\/www.strykobaltazar.sk\/obchod\/#website","url":"https:\/\/www.strykobaltazar.sk\/obchod\/","name":"Str\u00fdko Baltaz\u00e1r","description":"Ob\u013e\u00faben\u00e9 detsk\u00e9 pesni\u010dky, nov\u00e9 vide\u00e1, rozpr\u00e1vky a svet pln\u00fd fant\u00e1zie. Str\u00fdko Baltaz\u00e1r je jedine\u010dn\u00fd detsk\u00fd zab\u00e1va\u010d, ktor\u00fd spolu s Mackom Popletkom zab\u00e1va deti\u010dky aj na TV RIK v \u00faspe\u0161nej detskej rel\u00e1cii TELKA STR\u00ddKA BALTAZ\u00c1RA","publisher":{"@id":"https:\/\/www.strykobaltazar.sk\/obchod\/#organization"},"potentialAction":[{"@type":"SearchAction","target":{"@type":"EntryPoint","urlTemplate":"https:\/\/www.strykobaltazar.sk\/obchod\/?s={search_term_string}"},"query-input":"required name=search_term_string"}],"inLanguage":"sk-SK"},{"@type":"Organization","@id":"https:\/\/www.strykobaltazar.sk\/obchod\/#organization","name":"Str\u00fdko Baltaz\u00e1r","url":"https:\/\/www.strykobaltazar.sk\/obchod\/","logo":{"@type":"ImageObject","inLanguage":"sk-SK","@id":"https:\/\/www.strykobaltazar.sk\/obchod\/#\/schema\/logo\/image\/","url":"https:\/\/www.strykobaltazar.sk\/obchod\/wp-content\/uploads\/2023\/12\/Stryko-Baltazar-logo2.png","contentUrl":"https:\/\/www.strykobaltazar.sk\/obchod\/wp-content\/uploads\/2023\/12\/Stryko-Baltazar-logo2.png","width":846,"height":846,"caption":"Str\u00fdko Baltaz\u00e1r"},"image":{"@id":"https:\/\/www.strykobaltazar.sk\/obchod\/#\/schema\/logo\/image\/"}}]}},"jetpack_sharing_enabled":true,"_links":{"self":[{"href":"https:\/\/www.strykobaltazar.sk\/obchod\/index.php\/wp-json\/wp\/v2\/product\/31"}],"collection":[{"href":"https:\/\/www.strykobaltazar.sk\/obchod\/index.php\/wp-json\/wp\/v2\/product"}],"about":[{"href":"https:\/\/www.strykobaltazar.sk\/obchod\/index.php\/wp-json\/wp\/v2\/types\/product"}],"replies":[{"embeddable":true,"href":"https:\/\/www.strykobaltazar.sk\/obchod\/index.php\/wp-json\/wp\/v2\/comments?post=31"}],"version-history":[{"count":1,"href":"https:\/\/www.strykobaltazar.sk\/obchod\/index.php\/wp-json\/wp\/v2\/product\/31\/revisions"}],"predecessor-version":[{"id":590,"href":"https:\/\/www.strykobaltazar.sk\/obchod\/index.php\/wp-json\/wp\/v2\/product\/31\/revisions\/590"}],"wp:featuredmedia":[{"embeddable":true,"href":"https:\/\/www.strykobaltazar.sk\/obchod\/index.php\/wp-json\/wp\/v2\/media\/32"}],"wp:attachment":[{"href":"https:\/\/www.strykobaltazar.sk\/obchod\/index.php\/wp-json\/wp\/v2\/media?parent=31"}],"wp:term":[{"taxonomy":"product_cat","embeddable":true,"href":"https:\/\/www.strykobaltazar.sk\/obchod\/index.php\/wp-json\/wp\/v2\/product_cat?post=31"},{"taxonomy":"product_tag","embeddable":true,"href":"https:\/\/www.strykobaltazar.sk\/obchod\/index.php\/wp-json\/wp\/v2\/product_tag?post=31"}],"curies":[{"name":"wp","href":"https:\/\/api.w.org\/{rel}","templated":true}]}}