{"id":21,"date":"2023-12-08T15:20:37","date_gmt":"2023-12-08T14:20:37","guid":{"rendered":"https:\/\/www.strykobaltazar.sk\/obchod\/?post_type=product&#038;p=21"},"modified":"2023-12-12T13:03:56","modified_gmt":"2023-12-12T12:03:56","slug":"cd-stryko-baltazar-pod-sa-s-nami-hrat","status":"publish","type":"product","link":"https:\/\/www.strykobaltazar.sk\/obchod\/index.php\/produkt\/cd-stryko-baltazar-pod-sa-s-nami-hrat\/","title":{"rendered":"CD Str\u00fdko Baltaz\u00e1r &#8211; Po\u010f sa s nami hra\u0165!"},"content":{"rendered":"\n<p><strong>Tracklist albumu<br><\/strong>\/1\u00a0Sofia u Str\u00fdka<br>\/2\u00a0Rozpr\u00e1vkov\u00fd pr\u00edbeh<br>\/3\u00a0K\u00fazeln\u00e9 slov\u00ed\u010dka<br>\/4\u00a0M\u00e1m \u0165a r\u00e1d<br>\/5\u00a0Detekt\u00edv Baltaz\u00e1r<br>\/6\u00a0Hra\u010dky<br>\/7\u00a0Prekvapenie v ko\u0161\u00edku<br>\/8\u00a0U\u010d\u00edm svojho ps\u00edka<br>\/9\u00a0M\u00e1me n\u00e1v\u0161tevu!<br>\/10\u00a0Telka Str\u00fdka Baltaz\u00e1ra<br>\/11\u00a0Po\u010f sa s nami hra\u0165!<br>\/12\u00a0Bim bam bom<br>\/13\u00a0Tajomn\u00fd kufor<br>\/14\u00a0Jupi jou\/<br>15\u00a0Koniec pr\u00e1zdnin<br>\/16\u00a0Po\u010d\u00edtame spolu<br>\/17\u00a0Sne\u017e\u00ed!<br>\/18\u00a0Snehuliak\/<br>19\u00a0V\u00e1\u0161 Str\u00fdko Baltaz\u00e1r<\/p>\n","protected":false},"excerpt":{"rendered":"<p>Vesel\u00e9 piesne a rozpr\u00e1vkov\u00e9 pr\u00edbehy pre deti.\u00a0<\/p>\n","protected":false},"featured_media":22,"comment_status":"open","ping_status":"closed","template":"","meta":[],"product_cat":[19,18],"product_tag":[],"yoast_head":"<!-- This site is optimized with the Yoast SEO plugin v21.6 - https:\/\/yoast.com\/wordpress\/plugins\/seo\/ -->\n<title>CD Str\u00fdko Baltaz\u00e1r - Po\u010f sa s nami hra\u0165! - Str\u00fdko Baltaz\u00e1r<\/title>\n<meta name=\"robots\" content=\"index, follow, max-snippet:-1, max-image-preview:large, max-video-preview:-1\" \/>\n<link rel=\"canonical\" href=\"https:\/\/www.strykobaltazar.sk\/obchod\/index.php\/produkt\/cd-stryko-baltazar-pod-sa-s-nami-hrat\/\" \/>\n<meta property=\"og:locale\" content=\"sk_SK\" \/>\n<meta property=\"og:type\" content=\"article\" \/>\n<meta property=\"og:title\" content=\"CD Str\u00fdko Baltaz\u00e1r - Po\u010f sa s nami hra\u0165! - Str\u00fdko Baltaz\u00e1r\" \/>\n<meta property=\"og:description\" content=\"Vesel\u00e9 piesne a rozpr\u00e1vkov\u00e9 pr\u00edbehy pre deti.\u00a0\" \/>\n<meta property=\"og:url\" content=\"https:\/\/www.strykobaltazar.sk\/obchod\/index.php\/produkt\/cd-stryko-baltazar-pod-sa-s-nami-hrat\/\" \/>\n<meta property=\"og:site_name\" content=\"Str\u00fdko Baltaz\u00e1r\" \/>\n<meta property=\"article:modified_time\" content=\"2023-12-12T12:03:56+00:00\" \/>\n<meta name=\"twitter:card\" content=\"summary_large_image\" \/>\n<script type=\"application\/ld+json\" class=\"yoast-schema-graph\">{\"@context\":\"https:\/\/schema.org\",\"@graph\":[{\"@type\":\"WebPage\",\"@id\":\"https:\/\/www.strykobaltazar.sk\/obchod\/index.php\/produkt\/cd-stryko-baltazar-pod-sa-s-nami-hrat\/\",\"url\":\"https:\/\/www.strykobaltazar.sk\/obchod\/index.php\/produkt\/cd-stryko-baltazar-pod-sa-s-nami-hrat\/\",\"name\":\"CD Str\u00fdko Baltaz\u00e1r - Po\u010f sa s nami hra\u0165! - Str\u00fdko Baltaz\u00e1r\",\"isPartOf\":{\"@id\":\"https:\/\/www.strykobaltazar.sk\/obchod\/#website\"},\"datePublished\":\"2023-12-08T14:20:37+00:00\",\"dateModified\":\"2023-12-12T12:03:56+00:00\",\"breadcrumb\":{\"@id\":\"https:\/\/www.strykobaltazar.sk\/obchod\/index.php\/produkt\/cd-stryko-baltazar-pod-sa-s-nami-hrat\/#breadcrumb\"},\"inLanguage\":\"sk-SK\",\"potentialAction\":[{\"@type\":\"ReadAction\",\"target\":[\"https:\/\/www.strykobaltazar.sk\/obchod\/index.php\/produkt\/cd-stryko-baltazar-pod-sa-s-nami-hrat\/\"]}]},{\"@type\":\"BreadcrumbList\",\"@id\":\"https:\/\/www.strykobaltazar.sk\/obchod\/index.php\/produkt\/cd-stryko-baltazar-pod-sa-s-nami-hrat\/#breadcrumb\",\"itemListElement\":[{\"@type\":\"ListItem\",\"position\":1,\"name\":\"Home\",\"item\":\"https:\/\/www.strykobaltazar.sk\/obchod\/\"},{\"@type\":\"ListItem\",\"position\":2,\"name\":\"E-SHOP\",\"item\":\"https:\/\/www.strykobaltazar.sk\/obchod\/index.php\/shop\/\"},{\"@type\":\"ListItem\",\"position\":3,\"name\":\"CD Str\u00fdko Baltaz\u00e1r &#8211; Po\u010f sa s nami hra\u0165!\"}]},{\"@type\":\"WebSite\",\"@id\":\"https:\/\/www.strykobaltazar.sk\/obchod\/#website\",\"url\":\"https:\/\/www.strykobaltazar.sk\/obchod\/\",\"name\":\"Str\u00fdko Baltaz\u00e1r\",\"description\":\"Ob\u013e\u00faben\u00e9 detsk\u00e9 pesni\u010dky, nov\u00e9 vide\u00e1, rozpr\u00e1vky a svet pln\u00fd fant\u00e1zie. Str\u00fdko Baltaz\u00e1r je jedine\u010dn\u00fd detsk\u00fd zab\u00e1va\u010d, ktor\u00fd spolu s Mackom Popletkom zab\u00e1va deti\u010dky aj na TV RIK v \u00faspe\u0161nej detskej rel\u00e1cii TELKA STR\u00ddKA BALTAZ\u00c1RA\",\"publisher\":{\"@id\":\"https:\/\/www.strykobaltazar.sk\/obchod\/#organization\"},\"potentialAction\":[{\"@type\":\"SearchAction\",\"target\":{\"@type\":\"EntryPoint\",\"urlTemplate\":\"https:\/\/www.strykobaltazar.sk\/obchod\/?s={search_term_string}\"},\"query-input\":\"required name=search_term_string\"}],\"inLanguage\":\"sk-SK\"},{\"@type\":\"Organization\",\"@id\":\"https:\/\/www.strykobaltazar.sk\/obchod\/#organization\",\"name\":\"Str\u00fdko Baltaz\u00e1r\",\"url\":\"https:\/\/www.strykobaltazar.sk\/obchod\/\",\"logo\":{\"@type\":\"ImageObject\",\"inLanguage\":\"sk-SK\",\"@id\":\"https:\/\/www.strykobaltazar.sk\/obchod\/#\/schema\/logo\/image\/\",\"url\":\"https:\/\/www.strykobaltazar.sk\/obchod\/wp-content\/uploads\/2023\/12\/Stryko-Baltazar-logo2.png\",\"contentUrl\":\"https:\/\/www.strykobaltazar.sk\/obchod\/wp-content\/uploads\/2023\/12\/Stryko-Baltazar-logo2.png\",\"width\":846,\"height\":846,\"caption\":\"Str\u00fdko Baltaz\u00e1r\"},\"image\":{\"@id\":\"https:\/\/www.strykobaltazar.sk\/obchod\/#\/schema\/logo\/image\/\"}}]}<\/script>\n<!-- \/ Yoast SEO plugin. -->","yoast_head_json":{"title":"CD Str\u00fdko Baltaz\u00e1r - Po\u010f sa s nami hra\u0165! - Str\u00fdko Baltaz\u00e1r","robots":{"index":"index","follow":"follow","max-snippet":"max-snippet:-1","max-image-preview":"max-image-preview:large","max-video-preview":"max-video-preview:-1"},"canonical":"https:\/\/www.strykobaltazar.sk\/obchod\/index.php\/produkt\/cd-stryko-baltazar-pod-sa-s-nami-hrat\/","og_locale":"sk_SK","og_type":"article","og_title":"CD Str\u00fdko Baltaz\u00e1r - Po\u010f sa s nami hra\u0165! - Str\u00fdko Baltaz\u00e1r","og_description":"Vesel\u00e9 piesne a rozpr\u00e1vkov\u00e9 pr\u00edbehy pre deti.\u00a0","og_url":"https:\/\/www.strykobaltazar.sk\/obchod\/index.php\/produkt\/cd-stryko-baltazar-pod-sa-s-nami-hrat\/","og_site_name":"Str\u00fdko Baltaz\u00e1r","article_modified_time":"2023-12-12T12:03:56+00:00","twitter_card":"summary_large_image","schema":{"@context":"https:\/\/schema.org","@graph":[{"@type":"WebPage","@id":"https:\/\/www.strykobaltazar.sk\/obchod\/index.php\/produkt\/cd-stryko-baltazar-pod-sa-s-nami-hrat\/","url":"https:\/\/www.strykobaltazar.sk\/obchod\/index.php\/produkt\/cd-stryko-baltazar-pod-sa-s-nami-hrat\/","name":"CD Str\u00fdko Baltaz\u00e1r - Po\u010f sa s nami hra\u0165! - Str\u00fdko Baltaz\u00e1r","isPartOf":{"@id":"https:\/\/www.strykobaltazar.sk\/obchod\/#website"},"datePublished":"2023-12-08T14:20:37+00:00","dateModified":"2023-12-12T12:03:56+00:00","breadcrumb":{"@id":"https:\/\/www.strykobaltazar.sk\/obchod\/index.php\/produkt\/cd-stryko-baltazar-pod-sa-s-nami-hrat\/#breadcrumb"},"inLanguage":"sk-SK","potentialAction":[{"@type":"ReadAction","target":["https:\/\/www.strykobaltazar.sk\/obchod\/index.php\/produkt\/cd-stryko-baltazar-pod-sa-s-nami-hrat\/"]}]},{"@type":"BreadcrumbList","@id":"https:\/\/www.strykobaltazar.sk\/obchod\/index.php\/produkt\/cd-stryko-baltazar-pod-sa-s-nami-hrat\/#breadcrumb","itemListElement":[{"@type":"ListItem","position":1,"name":"Home","item":"https:\/\/www.strykobaltazar.sk\/obchod\/"},{"@type":"ListItem","position":2,"name":"E-SHOP","item":"https:\/\/www.strykobaltazar.sk\/obchod\/index.php\/shop\/"},{"@type":"ListItem","position":3,"name":"CD Str\u00fdko Baltaz\u00e1r &#8211; Po\u010f sa s nami hra\u0165!"}]},{"@type":"WebSite","@id":"https:\/\/www.strykobaltazar.sk\/obchod\/#website","url":"https:\/\/www.strykobaltazar.sk\/obchod\/","name":"Str\u00fdko Baltaz\u00e1r","description":"Ob\u013e\u00faben\u00e9 detsk\u00e9 pesni\u010dky, nov\u00e9 vide\u00e1, rozpr\u00e1vky a svet pln\u00fd fant\u00e1zie. Str\u00fdko Baltaz\u00e1r je jedine\u010dn\u00fd detsk\u00fd zab\u00e1va\u010d, ktor\u00fd spolu s Mackom Popletkom zab\u00e1va deti\u010dky aj na TV RIK v \u00faspe\u0161nej detskej rel\u00e1cii TELKA STR\u00ddKA BALTAZ\u00c1RA","publisher":{"@id":"https:\/\/www.strykobaltazar.sk\/obchod\/#organization"},"potentialAction":[{"@type":"SearchAction","target":{"@type":"EntryPoint","urlTemplate":"https:\/\/www.strykobaltazar.sk\/obchod\/?s={search_term_string}"},"query-input":"required name=search_term_string"}],"inLanguage":"sk-SK"},{"@type":"Organization","@id":"https:\/\/www.strykobaltazar.sk\/obchod\/#organization","name":"Str\u00fdko Baltaz\u00e1r","url":"https:\/\/www.strykobaltazar.sk\/obchod\/","logo":{"@type":"ImageObject","inLanguage":"sk-SK","@id":"https:\/\/www.strykobaltazar.sk\/obchod\/#\/schema\/logo\/image\/","url":"https:\/\/www.strykobaltazar.sk\/obchod\/wp-content\/uploads\/2023\/12\/Stryko-Baltazar-logo2.png","contentUrl":"https:\/\/www.strykobaltazar.sk\/obchod\/wp-content\/uploads\/2023\/12\/Stryko-Baltazar-logo2.png","width":846,"height":846,"caption":"Str\u00fdko Baltaz\u00e1r"},"image":{"@id":"https:\/\/www.strykobaltazar.sk\/obchod\/#\/schema\/logo\/image\/"}}]}},"jetpack_sharing_enabled":true,"_links":{"self":[{"href":"https:\/\/www.strykobaltazar.sk\/obchod\/index.php\/wp-json\/wp\/v2\/product\/21"}],"collection":[{"href":"https:\/\/www.strykobaltazar.sk\/obchod\/index.php\/wp-json\/wp\/v2\/product"}],"about":[{"href":"https:\/\/www.strykobaltazar.sk\/obchod\/index.php\/wp-json\/wp\/v2\/types\/product"}],"replies":[{"embeddable":true,"href":"https:\/\/www.strykobaltazar.sk\/obchod\/index.php\/wp-json\/wp\/v2\/comments?post=21"}],"version-history":[{"count":0,"href":"https:\/\/www.strykobaltazar.sk\/obchod\/index.php\/wp-json\/wp\/v2\/product\/21\/revisions"}],"wp:featuredmedia":[{"embeddable":true,"href":"https:\/\/www.strykobaltazar.sk\/obchod\/index.php\/wp-json\/wp\/v2\/media\/22"}],"wp:attachment":[{"href":"https:\/\/www.strykobaltazar.sk\/obchod\/index.php\/wp-json\/wp\/v2\/media?parent=21"}],"wp:term":[{"taxonomy":"product_cat","embeddable":true,"href":"https:\/\/www.strykobaltazar.sk\/obchod\/index.php\/wp-json\/wp\/v2\/product_cat?post=21"},{"taxonomy":"product_tag","embeddable":true,"href":"https:\/\/www.strykobaltazar.sk\/obchod\/index.php\/wp-json\/wp\/v2\/product_tag?post=21"}],"curies":[{"name":"wp","href":"https:\/\/api.w.org\/{rel}","templated":true}]}}